{"id":77,"date":"2023-11-22T09:06:37","date_gmt":"2023-11-22T08:06:37","guid":{"rendered":"https:\/\/croquemongateau.fr\/?page_id=77"},"modified":"2026-02-01T20:54:54","modified_gmt":"2026-02-01T19:54:54","slug":"sandwichs-gourmands-croque-mon-gateau","status":"publish","type":"page","link":"http:\/\/croquemongateau.fr\/index.php\/sandwichs-gourmands-croque-mon-gateau\/","title":{"rendered":"Nos Sandwichs Gourmands : Un Voyage de Saveurs !"},"content":{"rendered":"\n<hr class=\"wp-block-separator has-alpha-channel-opacity\"\/>\n\n\n\n<p>Chez <strong>SEB le food truck<\/strong>, nous vous proposons de g\u00e9n\u00e9reux et uniques <strong>sandwichs toast\u00e9s<\/strong> qui allient go\u00fbt, qualit\u00e9 et originalit\u00e9. Chaque sandwich a \u00e9t\u00e9 pens\u00e9 \u00e0 partir de nos exp\u00e9riences. Une v\u00e9ritable invitation \u00e0 un voyage gustatif avec des ingr\u00e9dients soigneusement choisis et pr\u00e9par\u00e9s dans notre laboratoire de Conflans-Sainte-Honorine. Un sandwich assembl\u00e9 dans notre food truck \u00e0 la commande. Nos recettes \u00e9voluent en fonction des saisons, offrant ainsi une vari\u00e9t\u00e9 qui ravira toutes les papilles.<\/p>\n\n\n\n<figure class=\"wp-block-image size-large\"><img fetchpriority=\"high\" decoding=\"async\" width=\"1024\" height=\"1024\" src=\"http:\/\/croquemongateau.fr\/wp-content\/uploads\/2023\/10\/Le-Ricain-1-1024x1024.jpeg\" alt=\"\" class=\"wp-image-665\" srcset=\"http:\/\/croquemongateau.fr\/wp-content\/uploads\/2023\/10\/Le-Ricain-1-1024x1024.jpeg 1024w, http:\/\/croquemongateau.fr\/wp-content\/uploads\/2023\/10\/Le-Ricain-1-300x300.jpeg 300w, http:\/\/croquemongateau.fr\/wp-content\/uploads\/2023\/10\/Le-Ricain-1-150x150.jpeg 150w, http:\/\/croquemongateau.fr\/wp-content\/uploads\/2023\/10\/Le-Ricain-1-768x768.jpeg 768w, http:\/\/croquemongateau.fr\/wp-content\/uploads\/2023\/10\/Le-Ricain-1-1536x1536.jpeg 1536w, http:\/\/croquemongateau.fr\/wp-content\/uploads\/2023\/10\/Le-Ricain-1.jpeg 1773w\" sizes=\"(max-width: 1024px) 100vw, 1024px\" \/><figcaption class=\"wp-element-caption\">La remorque Food Truck Croque Mon G\u00e2teau, ici \u00e0 La D\u00e9fense.<\/figcaption><\/figure>\n\n\n<h3>Nos Incontournables Sandwichs Chauds<\/h3>\n<p>Laissez-vous s\u00e9duire par nos <strong>sandwichs gourmands et chauds au bon pain focaccia fait maison. C<\/strong>haque bouch\u00e9e est une explosion de saveurs :<\/p>\n<ul>\n<li>\n<p><strong>Le VietMiam<\/strong> : Un sandwich aux tenders de poulet frits et laqu\u00e9s, avec des pickles de carottes et d&rsquo;oignons rouges, d&rsquo;une sauce au sriracha, d&rsquo;une sauce hoisin, le tout dans notre pain focaccia maison qui vous rappelera le banh mi pour un voyage en Asie \u00e0 chaque bouch\u00e9e ! <a href=\"https:\/\/croquemongateau.fr\/index.php\/le-vietmiam-le-sandwich-a-croquer\/\">En savoir plus sur Le VietMiam<\/a><\/p>\n<\/li>\n<li>\n<p><strong>Le Jardin<\/strong> : Pour les amateurs de saveurs v\u00e9g\u00e9tariennes, ce sandwich chaud est une vraie p\u00e9pite. Avec l&rsquo;arriv\u00e9e des beaux jours, nous vous le proposons avec des tomates fra\u00eeches, une cr\u00e8me de burrata, des oignons rouges en pickles, un pesto maison et des pistaches concass\u00e9es. Le tout servi dans un pain focaccia l\u00e9g\u00e8rement toast\u00e9. Une v\u00e9ritable surprise \u00e0 chaque bouch\u00e9e et des couleurs incroyables ! En hiver, le Jardin d&rsquo;Hiver suit la saisonnalit\u00e9, notamment avec des tomates cerises confites. <a href=\"https:\/\/croquemongateau.fr\/index.php\/2024\/12\/12\/le-jardin-le-sandwich-vegetarien-chaud-aux-legumes-de-saison\/\">En savoir plus sur Le Jardin<\/a>\u00a0<\/p>\n<\/li>\n<li>\n<p><strong>L&rsquo;Effiloch\u00e9<\/strong> : Un hommage \u00e0 la cuisine am\u00e9ricaine avec du <strong>pulled pork<\/strong> fait maison, pr\u00e9par\u00e9 avec un <strong>Dry Rub<\/strong> \u00e9pic\u00e9 et cuit tr\u00e8s lentement, le tout accompagn\u00e9 de chou rouge et oignons rouges en pickles, de salsa verde et un d&rsquo;une onctueuse sauce maison (raifort et cornichon) et toujours dans notre pain focaccia maison. Une explosion de saveurs qui ravira les fans de sucr\u00e9\/sal\u00e9 \u00e9pic\u00e9 ! <a href=\"https:\/\/croquemongateau.fr\/index.php\/2024\/12\/12\/le-ricain-sandwich-pulled-pork\/\">En savoir plus sur L&rsquo;Effiloch\u00e9<\/a><\/p>\n<\/li>\n<\/ul>\n<h3>Pourquoi choisir nos sandwichs gourmands ?<\/h3>\n<p>Chez <strong>SEB le food truck<\/strong>, nous mettons un point d\u2019honneur \u00e0 vous offrir des sandwichs faits maison, avec des <strong>produits frais<\/strong>\u00a0et <strong>de qualit\u00e9<\/strong>. Nous fabriquons notre <strong>pain focaccia <\/strong>pour chaque sandwich, ce qui garantit une texture l\u00e9g\u00e8re et dor\u00e9e, parfaitement adapt\u00e9e \u00e0 nos garnitures g\u00e9n\u00e9reuses et savoureuses. De plus, chaque recette est imagin\u00e9e pour vous proposer un parfait \u00e9quilibre entre <strong>saveurs cr\u00e9atives<\/strong>, <strong>fra\u00eecheur<\/strong> et <strong>g\u00e9n\u00e9rosit\u00e9<\/strong>.<\/p>\n<h3>Sandwichs gourmands et formules pour tous les app\u00e9tits.<\/h3>\n<p>Savourez votre sandwich focaccia toast\u00e9 avec une belle portion de frites maison et pourquoi pas un cookie ou un dessert maison. Nous proposons \u00e9galement des sodas et des eaux min\u00e9rales.\u00a0 Le tout en formule.\u00a0<\/p>\n<p>Nos sandwichs \u00e9voluent au fil des saisons pour vous offrir des recettes toujours plus savoureuses et adapt\u00e9es aux produits du moment. Ainsi, vous pourrez d\u00e9couvrir de nouvelles associations de saveurs tout au long de l&rsquo;ann\u00e9e.<\/p>\n<p>O\u00f9 sommes-nous cette semaine ? <a href=\"https:\/\/croquemongateau.fr\/index.php\/ou-est-croque-mon-gateau\/\">D\u00e9couvrez notre planning<\/a>.<\/p>\n<p><!-- \/wp:post-content --><\/p>\n<p><!-- wp:paragraph --><\/p>\n<p><!-- \/wp:paragraph --><\/p>","protected":false},"excerpt":{"rendered":"<p>Chez SEB le food truck, nous vous proposons de g\u00e9n\u00e9reux et uniques sandwichs toast\u00e9s qui allient go\u00fbt, qualit\u00e9 et originalit\u00e9. Chaque sandwich a \u00e9t\u00e9 pens\u00e9 \u00e0 partir de nos exp\u00e9riences. Une v\u00e9ritable invitation \u00e0 un voyage gustatif avec des ingr\u00e9dients soigneusement choisis et pr\u00e9par\u00e9s dans notre laboratoire de Conflans-Sainte-Honorine. Un sandwich assembl\u00e9 dans notre food&#8230;<\/p>\n","protected":false},"author":1,"featured_media":0,"parent":0,"menu_order":0,"comment_status":"closed","ping_status":"closed","template":"","meta":{"footnotes":""},"class_list":["post-77","page","type-page","status-publish","hentry"],"yoast_head":"<!-- This site is optimized with the Yoast SEO plugin v21.9.1 - https:\/\/yoast.com\/wordpress\/plugins\/seo\/ -->\n<title>Nos Sandwichs Gourmands : Un Voyage de Saveurs ! - Croque mon g\u00e2teau<\/title>\n<meta name=\"description\" content=\"D\u00e9couvrez nos sandwichs gourmands chez Croque Mon G\u00e2teau : VietMiam, Jardin, Ricain\u2026 des recettes savoureuses avec des ingr\u00e9dients frais.\" \/>\n<meta name=\"robots\" content=\"index, follow, max-snippet:-1, max-image-preview:large, max-video-preview:-1\" \/>\n<link rel=\"canonical\" href=\"https:\/\/croquemongateau.fr\/index.php\/sandwichs-gourmands-croque-mon-gateau\/\" \/>\n<meta property=\"og:locale\" content=\"fr_FR\" \/>\n<meta property=\"og:type\" content=\"article\" \/>\n<meta property=\"og:title\" content=\"Nos Sandwichs Gourmands : Un Voyage de Saveurs ! - Croque mon g\u00e2teau\" \/>\n<meta property=\"og:description\" content=\"D\u00e9couvrez nos sandwichs gourmands chez Croque Mon G\u00e2teau : VietMiam, Jardin, Ricain\u2026 des recettes savoureuses avec des ingr\u00e9dients frais.\" \/>\n<meta property=\"og:url\" content=\"https:\/\/croquemongateau.fr\/index.php\/sandwichs-gourmands-croque-mon-gateau\/\" \/>\n<meta property=\"og:site_name\" content=\"Croque mon g\u00e2teau\" \/>\n<meta property=\"article:modified_time\" content=\"2026-02-01T19:54:54+00:00\" \/>\n<meta property=\"og:image\" content=\"http:\/\/croquemongateau.fr\/wp-content\/uploads\/2023\/10\/Le-Ricain-1-1024x1024.jpeg\" \/>\n<meta name=\"twitter:card\" content=\"summary_large_image\" \/>\n<meta name=\"twitter:label1\" content=\"Dur\u00e9e de lecture estim\u00e9e\" \/>\n\t<meta name=\"twitter:data1\" content=\"3 minutes\" \/>\n<script type=\"application\/ld+json\" class=\"yoast-schema-graph\">{\"@context\":\"https:\/\/schema.org\",\"@graph\":[{\"@type\":\"WebPage\",\"@id\":\"https:\/\/croquemongateau.fr\/index.php\/sandwichs-gourmands-croque-mon-gateau\/\",\"url\":\"https:\/\/croquemongateau.fr\/index.php\/sandwichs-gourmands-croque-mon-gateau\/\",\"name\":\"Nos Sandwichs Gourmands : Un Voyage de Saveurs ! - Croque mon g\u00e2teau\",\"isPartOf\":{\"@id\":\"http:\/\/croquemongateau.fr\/#website\"},\"datePublished\":\"2023-11-22T08:06:37+00:00\",\"dateModified\":\"2026-02-01T19:54:54+00:00\",\"description\":\"D\u00e9couvrez nos sandwichs gourmands chez Croque Mon G\u00e2teau : VietMiam, Jardin, Ricain\u2026 des recettes savoureuses avec des ingr\u00e9dients frais.\",\"breadcrumb\":{\"@id\":\"https:\/\/croquemongateau.fr\/index.php\/sandwichs-gourmands-croque-mon-gateau\/#breadcrumb\"},\"inLanguage\":\"fr-FR\",\"potentialAction\":[{\"@type\":\"ReadAction\",\"target\":[\"https:\/\/croquemongateau.fr\/index.php\/sandwichs-gourmands-croque-mon-gateau\/\"]}]},{\"@type\":\"BreadcrumbList\",\"@id\":\"https:\/\/croquemongateau.fr\/index.php\/sandwichs-gourmands-croque-mon-gateau\/#breadcrumb\",\"itemListElement\":[{\"@type\":\"ListItem\",\"position\":1,\"name\":\"Home\",\"item\":\"http:\/\/croquemongateau.fr\/\"},{\"@type\":\"ListItem\",\"position\":2,\"name\":\"Nos Sandwichs Gourmands : Un Voyage de Saveurs !\"}]},{\"@type\":\"WebSite\",\"@id\":\"http:\/\/croquemongateau.fr\/#website\",\"url\":\"http:\/\/croquemongateau.fr\/\",\"name\":\"Croque mon g\u00e2teau\",\"description\":\"\",\"publisher\":{\"@id\":\"http:\/\/croquemongateau.fr\/#organization\"},\"potentialAction\":[{\"@type\":\"SearchAction\",\"target\":{\"@type\":\"EntryPoint\",\"urlTemplate\":\"http:\/\/croquemongateau.fr\/?s={search_term_string}\"},\"query-input\":\"required name=search_term_string\"}],\"inLanguage\":\"fr-FR\"},{\"@type\":\"Organization\",\"@id\":\"http:\/\/croquemongateau.fr\/#organization\",\"name\":\"Croque mon g\u00e2teau\",\"url\":\"http:\/\/croquemongateau.fr\/\",\"logo\":{\"@type\":\"ImageObject\",\"inLanguage\":\"fr-FR\",\"@id\":\"http:\/\/croquemongateau.fr\/#\/schema\/logo\/image\/\",\"url\":\"http:\/\/croquemongateau.fr\/wp-content\/uploads\/2023\/10\/CMG-logo-secondaire-3.png\",\"contentUrl\":\"http:\/\/croquemongateau.fr\/wp-content\/uploads\/2023\/10\/CMG-logo-secondaire-3.png\",\"width\":1200,\"height\":466,\"caption\":\"Croque mon g\u00e2teau\"},\"image\":{\"@id\":\"http:\/\/croquemongateau.fr\/#\/schema\/logo\/image\/\"}}]}<\/script>\n<!-- \/ Yoast SEO plugin. -->","yoast_head_json":{"title":"Nos Sandwichs Gourmands : Un Voyage de Saveurs ! - Croque mon g\u00e2teau","description":"D\u00e9couvrez nos sandwichs gourmands chez Croque Mon G\u00e2teau : VietMiam, Jardin, Ricain\u2026 des recettes savoureuses avec des ingr\u00e9dients frais.","robots":{"index":"index","follow":"follow","max-snippet":"max-snippet:-1","max-image-preview":"max-image-preview:large","max-video-preview":"max-video-preview:-1"},"canonical":"https:\/\/croquemongateau.fr\/index.php\/sandwichs-gourmands-croque-mon-gateau\/","og_locale":"fr_FR","og_type":"article","og_title":"Nos Sandwichs Gourmands : Un Voyage de Saveurs ! - Croque mon g\u00e2teau","og_description":"D\u00e9couvrez nos sandwichs gourmands chez Croque Mon G\u00e2teau : VietMiam, Jardin, Ricain\u2026 des recettes savoureuses avec des ingr\u00e9dients frais.","og_url":"https:\/\/croquemongateau.fr\/index.php\/sandwichs-gourmands-croque-mon-gateau\/","og_site_name":"Croque mon g\u00e2teau","article_modified_time":"2026-02-01T19:54:54+00:00","og_image":[{"url":"http:\/\/croquemongateau.fr\/wp-content\/uploads\/2023\/10\/Le-Ricain-1-1024x1024.jpeg"}],"twitter_card":"summary_large_image","twitter_misc":{"Dur\u00e9e de lecture estim\u00e9e":"3 minutes"},"schema":{"@context":"https:\/\/schema.org","@graph":[{"@type":"WebPage","@id":"https:\/\/croquemongateau.fr\/index.php\/sandwichs-gourmands-croque-mon-gateau\/","url":"https:\/\/croquemongateau.fr\/index.php\/sandwichs-gourmands-croque-mon-gateau\/","name":"Nos Sandwichs Gourmands : Un Voyage de Saveurs ! - Croque mon g\u00e2teau","isPartOf":{"@id":"http:\/\/croquemongateau.fr\/#website"},"datePublished":"2023-11-22T08:06:37+00:00","dateModified":"2026-02-01T19:54:54+00:00","description":"D\u00e9couvrez nos sandwichs gourmands chez Croque Mon G\u00e2teau : VietMiam, Jardin, Ricain\u2026 des recettes savoureuses avec des ingr\u00e9dients frais.","breadcrumb":{"@id":"https:\/\/croquemongateau.fr\/index.php\/sandwichs-gourmands-croque-mon-gateau\/#breadcrumb"},"inLanguage":"fr-FR","potentialAction":[{"@type":"ReadAction","target":["https:\/\/croquemongateau.fr\/index.php\/sandwichs-gourmands-croque-mon-gateau\/"]}]},{"@type":"BreadcrumbList","@id":"https:\/\/croquemongateau.fr\/index.php\/sandwichs-gourmands-croque-mon-gateau\/#breadcrumb","itemListElement":[{"@type":"ListItem","position":1,"name":"Home","item":"http:\/\/croquemongateau.fr\/"},{"@type":"ListItem","position":2,"name":"Nos Sandwichs Gourmands : Un Voyage de Saveurs !"}]},{"@type":"WebSite","@id":"http:\/\/croquemongateau.fr\/#website","url":"http:\/\/croquemongateau.fr\/","name":"Croque mon g\u00e2teau","description":"","publisher":{"@id":"http:\/\/croquemongateau.fr\/#organization"},"potentialAction":[{"@type":"SearchAction","target":{"@type":"EntryPoint","urlTemplate":"http:\/\/croquemongateau.fr\/?s={search_term_string}"},"query-input":"required name=search_term_string"}],"inLanguage":"fr-FR"},{"@type":"Organization","@id":"http:\/\/croquemongateau.fr\/#organization","name":"Croque mon g\u00e2teau","url":"http:\/\/croquemongateau.fr\/","logo":{"@type":"ImageObject","inLanguage":"fr-FR","@id":"http:\/\/croquemongateau.fr\/#\/schema\/logo\/image\/","url":"http:\/\/croquemongateau.fr\/wp-content\/uploads\/2023\/10\/CMG-logo-secondaire-3.png","contentUrl":"http:\/\/croquemongateau.fr\/wp-content\/uploads\/2023\/10\/CMG-logo-secondaire-3.png","width":1200,"height":466,"caption":"Croque mon g\u00e2teau"},"image":{"@id":"http:\/\/croquemongateau.fr\/#\/schema\/logo\/image\/"}}]}},"_links":{"self":[{"href":"http:\/\/croquemongateau.fr\/index.php\/wp-json\/wp\/v2\/pages\/77","targetHints":{"allow":["GET"]}}],"collection":[{"href":"http:\/\/croquemongateau.fr\/index.php\/wp-json\/wp\/v2\/pages"}],"about":[{"href":"http:\/\/croquemongateau.fr\/index.php\/wp-json\/wp\/v2\/types\/page"}],"author":[{"embeddable":true,"href":"http:\/\/croquemongateau.fr\/index.php\/wp-json\/wp\/v2\/users\/1"}],"replies":[{"embeddable":true,"href":"http:\/\/croquemongateau.fr\/index.php\/wp-json\/wp\/v2\/comments?post=77"}],"version-history":[{"count":25,"href":"http:\/\/croquemongateau.fr\/index.php\/wp-json\/wp\/v2\/pages\/77\/revisions"}],"predecessor-version":[{"id":852,"href":"http:\/\/croquemongateau.fr\/index.php\/wp-json\/wp\/v2\/pages\/77\/revisions\/852"}],"wp:attachment":[{"href":"http:\/\/croquemongateau.fr\/index.php\/wp-json\/wp\/v2\/media?parent=77"}],"curies":[{"name":"wp","href":"https:\/\/api.w.org\/{rel}","templated":true}]}}