{"id":78,"date":"2023-11-23T18:09:09","date_gmt":"2023-11-23T17:09:09","guid":{"rendered":"https:\/\/croquemongateau.fr\/?page_id=78"},"modified":"2024-12-01T18:56:44","modified_gmt":"2024-12-01T17:56:44","slug":"food-truck-patisserie","status":"publish","type":"page","link":"http:\/\/croquemongateau.fr\/index.php\/food-truck-patisserie\/","title":{"rendered":"Go\u00fbtez \u00e0 nos p\u00e2tisseries !"},"content":{"rendered":"\n<p><em>Le fait maison est la valeur commune \u00e0 toutes nos p\u00e2tisseries. Dessert de votre d\u00e9jeuner ou go\u00fbter au c\u0153ur de l\u2019apr\u00e8s-midi, venez les d\u00e9couvrir dans notre food truck p\u00e2tisserie&nbsp;!<\/em><\/p>\n\n\n\n<p>De bons produits, de la technicit\u00e9 et de l\u2019amour voici la recette de nos p\u00e2tisseries. L\u2019ADN de notre entreprise repose sur le <strong>fait maison<\/strong> et l\u2019application que met G\u00e2teau Madame dans ses cr\u00e9ations sucr\u00e9s. Apr\u00e8s tout, votre plaisir et votre gourmandise sont des affaires s\u00e9rieuses et notre m\u00e9tier.<\/p>\n\n\n\n<h2 class=\"wp-block-heading\"><a href=\"https:\/\/croquemongateau.fr\/index.php\/2024\/11\/29\/buches-de-noel-2024\/\">Commandez nos B\u00fbches de No\u00ebl 2024<\/a><\/h2>\n\n\n\n<p>Nos desserts et go\u00fbters ont fait l\u2019objet d\u2019une r\u00e9flexion et d\u2019une d\u00e9marche locavore. Nous travaillons avec des produits locaux autant que possible et surtout avec des fruits de saison. Autrement dit, ce n\u2019est pas en janvier que vous trouverez des tartelettes aux fraises dans notre remorque food truck p\u00e2tisserie. Pour autant, celles que nous vous proposerons l\u2019\u00e9t\u00e9 venu seront super bonnes&nbsp;!<\/p>\n\n\n\n<p><strong>Du bon et du beau avec Croque Mon G\u00e2teau<\/strong><\/p>\n\n\n\n<p>Dans notre food truck p\u00e2tisserie, nous avons quelques incontournables comme les cookies (aux go\u00fbts divers), les parts de brownie ou de marbr\u00e9. Cependant, la cr\u00e9ativit\u00e9 et le refus de la monotonie nous poussent \u00e0 vous proposer chaque semaine des p\u00e2tisseries diff\u00e9rentes. Laissez vous charmer par nos Pavlova accompagn\u00e9es de fruits de saison&nbsp;! D\u00e9couvrez nos savoureux <em>choux-balls<\/em> fourr\u00e9s \u00e0 la cr\u00e8me p\u00e2tissi\u00e8re&nbsp;! Craquez pour l\u2019onctuosit\u00e9 de nos cheese-cake&nbsp;! Et que dire du dessert pr\u00e9f\u00e9r\u00e9 des Fran\u00e7ais, la tartelette au citron meringu\u00e9e. Du plaisir pour les yeux et surtout les papilles&nbsp;!<\/p>\n\n\n\n<p><strong>D\u00e9couvrez quelques unes de nos p\u00e2tisseries&nbsp;:<\/strong><\/p>\n\n\n\n<p><a href=\"https:\/\/croquemongateau.fr\/index.php\/2023\/11\/30\/nos-cookie-croque-mon-gateau\/\">Cookie<\/a><\/p>\n\n\n\n<p><a href=\"https:\/\/croquemongateau.fr\/index.php\/2024\/02\/02\/tartelette-au-citron-meringuee\/\">Tartelette au citron meringu\u00e9e<\/a><\/p>\n\n\n\n<p>Brownie<\/p>\n\n\n\n<p>Marbr\u00e9<\/p>\n\n\n\n<p>Pavlova<\/p>\n","protected":false},"excerpt":{"rendered":"<p>Le fait maison est la valeur commune \u00e0 toutes nos p\u00e2tisseries. Dessert de votre d\u00e9jeuner ou go\u00fbter au c\u0153ur de l\u2019apr\u00e8s-midi, venez les d\u00e9couvrir dans notre food truck p\u00e2tisserie&nbsp;! De bons produits, de la technicit\u00e9 et de l\u2019amour voici la recette de nos p\u00e2tisseries. L\u2019ADN de notre entreprise repose sur le fait maison et l\u2019application&#8230;<\/p>\n","protected":false},"author":1,"featured_media":28,"parent":0,"menu_order":0,"comment_status":"closed","ping_status":"closed","template":"","meta":{"footnotes":""},"class_list":["post-78","page","type-page","status-publish","has-post-thumbnail","hentry"],"yoast_head":"<!-- This site is optimized with the Yoast SEO plugin v21.9.1 - https:\/\/yoast.com\/wordpress\/plugins\/seo\/ -->\n<title>Go\u00fbtez \u00e0 nos p\u00e2tisseries ! - Croque mon g\u00e2teau<\/title>\n<meta name=\"description\" content=\"Cookie, choux ou tartelettes, en dessert ou pour le go\u00fbter, d\u00e9couvrez notre remorque food truck p\u00e2tisserie. Tout est fait maison !\" \/>\n<meta name=\"robots\" content=\"index, follow, max-snippet:-1, max-image-preview:large, max-video-preview:-1\" \/>\n<link rel=\"canonical\" href=\"https:\/\/croquemongateau.fr\/index.php\/food-truck-patisserie\/\" \/>\n<meta property=\"og:locale\" content=\"fr_FR\" \/>\n<meta property=\"og:type\" content=\"article\" \/>\n<meta property=\"og:title\" content=\"Go\u00fbtez \u00e0 nos p\u00e2tisseries ! - Croque mon g\u00e2teau\" \/>\n<meta property=\"og:description\" content=\"Cookie, choux ou tartelettes, en dessert ou pour le go\u00fbter, d\u00e9couvrez notre remorque food truck p\u00e2tisserie. Tout est fait maison !\" \/>\n<meta property=\"og:url\" content=\"https:\/\/croquemongateau.fr\/index.php\/food-truck-patisserie\/\" \/>\n<meta property=\"og:site_name\" content=\"Croque mon g\u00e2teau\" \/>\n<meta property=\"article:modified_time\" content=\"2024-12-01T17:56:44+00:00\" \/>\n<meta property=\"og:image\" content=\"https:\/\/croquemongateau.fr\/wp-content\/uploads\/2023\/10\/385926322_195596080221531_6378126591064891816_n.jpg\" \/>\n\t<meta property=\"og:image:width\" content=\"1080\" \/>\n\t<meta property=\"og:image:height\" content=\"1080\" \/>\n\t<meta property=\"og:image:type\" content=\"image\/jpeg\" \/>\n<meta name=\"twitter:card\" content=\"summary_large_image\" \/>\n<meta name=\"twitter:label1\" content=\"Dur\u00e9e de lecture estim\u00e9e\" \/>\n\t<meta name=\"twitter:data1\" content=\"2 minutes\" \/>\n<script type=\"application\/ld+json\" class=\"yoast-schema-graph\">{\"@context\":\"https:\/\/schema.org\",\"@graph\":[{\"@type\":\"WebPage\",\"@id\":\"https:\/\/croquemongateau.fr\/index.php\/food-truck-patisserie\/\",\"url\":\"https:\/\/croquemongateau.fr\/index.php\/food-truck-patisserie\/\",\"name\":\"Go\u00fbtez \u00e0 nos p\u00e2tisseries ! - Croque mon g\u00e2teau\",\"isPartOf\":{\"@id\":\"http:\/\/croquemongateau.fr\/#website\"},\"datePublished\":\"2023-11-23T17:09:09+00:00\",\"dateModified\":\"2024-12-01T17:56:44+00:00\",\"description\":\"Cookie, choux ou tartelettes, en dessert ou pour le go\u00fbter, d\u00e9couvrez notre remorque food truck p\u00e2tisserie. Tout est fait maison !\",\"breadcrumb\":{\"@id\":\"https:\/\/croquemongateau.fr\/index.php\/food-truck-patisserie\/#breadcrumb\"},\"inLanguage\":\"fr-FR\",\"potentialAction\":[{\"@type\":\"ReadAction\",\"target\":[\"https:\/\/croquemongateau.fr\/index.php\/food-truck-patisserie\/\"]}]},{\"@type\":\"BreadcrumbList\",\"@id\":\"https:\/\/croquemongateau.fr\/index.php\/food-truck-patisserie\/#breadcrumb\",\"itemListElement\":[{\"@type\":\"ListItem\",\"position\":1,\"name\":\"Home\",\"item\":\"http:\/\/croquemongateau.fr\/\"},{\"@type\":\"ListItem\",\"position\":2,\"name\":\"Go\u00fbtez \u00e0 nos p\u00e2tisseries !\"}]},{\"@type\":\"WebSite\",\"@id\":\"http:\/\/croquemongateau.fr\/#website\",\"url\":\"http:\/\/croquemongateau.fr\/\",\"name\":\"Croque mon g\u00e2teau\",\"description\":\"\",\"publisher\":{\"@id\":\"http:\/\/croquemongateau.fr\/#organization\"},\"potentialAction\":[{\"@type\":\"SearchAction\",\"target\":{\"@type\":\"EntryPoint\",\"urlTemplate\":\"http:\/\/croquemongateau.fr\/?s={search_term_string}\"},\"query-input\":\"required name=search_term_string\"}],\"inLanguage\":\"fr-FR\"},{\"@type\":\"Organization\",\"@id\":\"http:\/\/croquemongateau.fr\/#organization\",\"name\":\"Croque mon g\u00e2teau\",\"url\":\"http:\/\/croquemongateau.fr\/\",\"logo\":{\"@type\":\"ImageObject\",\"inLanguage\":\"fr-FR\",\"@id\":\"http:\/\/croquemongateau.fr\/#\/schema\/logo\/image\/\",\"url\":\"http:\/\/croquemongateau.fr\/wp-content\/uploads\/2023\/10\/CMG-logo-secondaire-3.png\",\"contentUrl\":\"http:\/\/croquemongateau.fr\/wp-content\/uploads\/2023\/10\/CMG-logo-secondaire-3.png\",\"width\":1200,\"height\":466,\"caption\":\"Croque mon g\u00e2teau\"},\"image\":{\"@id\":\"http:\/\/croquemongateau.fr\/#\/schema\/logo\/image\/\"}}]}<\/script>\n<!-- \/ Yoast SEO plugin. -->","yoast_head_json":{"title":"Go\u00fbtez \u00e0 nos p\u00e2tisseries ! - Croque mon g\u00e2teau","description":"Cookie, choux ou tartelettes, en dessert ou pour le go\u00fbter, d\u00e9couvrez notre remorque food truck p\u00e2tisserie. Tout est fait maison !","robots":{"index":"index","follow":"follow","max-snippet":"max-snippet:-1","max-image-preview":"max-image-preview:large","max-video-preview":"max-video-preview:-1"},"canonical":"https:\/\/croquemongateau.fr\/index.php\/food-truck-patisserie\/","og_locale":"fr_FR","og_type":"article","og_title":"Go\u00fbtez \u00e0 nos p\u00e2tisseries ! - Croque mon g\u00e2teau","og_description":"Cookie, choux ou tartelettes, en dessert ou pour le go\u00fbter, d\u00e9couvrez notre remorque food truck p\u00e2tisserie. Tout est fait maison !","og_url":"https:\/\/croquemongateau.fr\/index.php\/food-truck-patisserie\/","og_site_name":"Croque mon g\u00e2teau","article_modified_time":"2024-12-01T17:56:44+00:00","og_image":[{"width":1080,"height":1080,"url":"https:\/\/croquemongateau.fr\/wp-content\/uploads\/2023\/10\/385926322_195596080221531_6378126591064891816_n.jpg","type":"image\/jpeg"}],"twitter_card":"summary_large_image","twitter_misc":{"Dur\u00e9e de lecture estim\u00e9e":"2 minutes"},"schema":{"@context":"https:\/\/schema.org","@graph":[{"@type":"WebPage","@id":"https:\/\/croquemongateau.fr\/index.php\/food-truck-patisserie\/","url":"https:\/\/croquemongateau.fr\/index.php\/food-truck-patisserie\/","name":"Go\u00fbtez \u00e0 nos p\u00e2tisseries ! - Croque mon g\u00e2teau","isPartOf":{"@id":"http:\/\/croquemongateau.fr\/#website"},"datePublished":"2023-11-23T17:09:09+00:00","dateModified":"2024-12-01T17:56:44+00:00","description":"Cookie, choux ou tartelettes, en dessert ou pour le go\u00fbter, d\u00e9couvrez notre remorque food truck p\u00e2tisserie. Tout est fait maison !","breadcrumb":{"@id":"https:\/\/croquemongateau.fr\/index.php\/food-truck-patisserie\/#breadcrumb"},"inLanguage":"fr-FR","potentialAction":[{"@type":"ReadAction","target":["https:\/\/croquemongateau.fr\/index.php\/food-truck-patisserie\/"]}]},{"@type":"BreadcrumbList","@id":"https:\/\/croquemongateau.fr\/index.php\/food-truck-patisserie\/#breadcrumb","itemListElement":[{"@type":"ListItem","position":1,"name":"Home","item":"http:\/\/croquemongateau.fr\/"},{"@type":"ListItem","position":2,"name":"Go\u00fbtez \u00e0 nos p\u00e2tisseries !"}]},{"@type":"WebSite","@id":"http:\/\/croquemongateau.fr\/#website","url":"http:\/\/croquemongateau.fr\/","name":"Croque mon g\u00e2teau","description":"","publisher":{"@id":"http:\/\/croquemongateau.fr\/#organization"},"potentialAction":[{"@type":"SearchAction","target":{"@type":"EntryPoint","urlTemplate":"http:\/\/croquemongateau.fr\/?s={search_term_string}"},"query-input":"required name=search_term_string"}],"inLanguage":"fr-FR"},{"@type":"Organization","@id":"http:\/\/croquemongateau.fr\/#organization","name":"Croque mon g\u00e2teau","url":"http:\/\/croquemongateau.fr\/","logo":{"@type":"ImageObject","inLanguage":"fr-FR","@id":"http:\/\/croquemongateau.fr\/#\/schema\/logo\/image\/","url":"http:\/\/croquemongateau.fr\/wp-content\/uploads\/2023\/10\/CMG-logo-secondaire-3.png","contentUrl":"http:\/\/croquemongateau.fr\/wp-content\/uploads\/2023\/10\/CMG-logo-secondaire-3.png","width":1200,"height":466,"caption":"Croque mon g\u00e2teau"},"image":{"@id":"http:\/\/croquemongateau.fr\/#\/schema\/logo\/image\/"}}]}},"_links":{"self":[{"href":"http:\/\/croquemongateau.fr\/index.php\/wp-json\/wp\/v2\/pages\/78","targetHints":{"allow":["GET"]}}],"collection":[{"href":"http:\/\/croquemongateau.fr\/index.php\/wp-json\/wp\/v2\/pages"}],"about":[{"href":"http:\/\/croquemongateau.fr\/index.php\/wp-json\/wp\/v2\/types\/page"}],"author":[{"embeddable":true,"href":"http:\/\/croquemongateau.fr\/index.php\/wp-json\/wp\/v2\/users\/1"}],"replies":[{"embeddable":true,"href":"http:\/\/croquemongateau.fr\/index.php\/wp-json\/wp\/v2\/comments?post=78"}],"version-history":[{"count":5,"href":"http:\/\/croquemongateau.fr\/index.php\/wp-json\/wp\/v2\/pages\/78\/revisions"}],"predecessor-version":[{"id":540,"href":"http:\/\/croquemongateau.fr\/index.php\/wp-json\/wp\/v2\/pages\/78\/revisions\/540"}],"wp:featuredmedia":[{"embeddable":true,"href":"http:\/\/croquemongateau.fr\/index.php\/wp-json\/wp\/v2\/media\/28"}],"wp:attachment":[{"href":"http:\/\/croquemongateau.fr\/index.php\/wp-json\/wp\/v2\/media?parent=78"}],"curies":[{"name":"wp","href":"https:\/\/api.w.org\/{rel}","templated":true}]}}