{"id":329,"date":"2024-06-20T23:33:29","date_gmt":"2024-06-20T21:33:29","guid":{"rendered":"https:\/\/croquemongateau.fr\/?page_id=329"},"modified":"2026-03-11T11:29:37","modified_gmt":"2026-03-11T10:29:37","slug":"soiree-food-truck-a-domicile","status":"publish","type":"page","link":"https:\/\/croquemongateau.fr\/index.php\/soiree-food-truck-a-domicile\/","title":{"rendered":"Un food truck \u00e0 domicile\u00a0?"},"content":{"rendered":"\n<figure class=\"wp-block-image size-full\"><img fetchpriority=\"high\" decoding=\"async\" width=\"683\" height=\"911\" src=\"https:\/\/croquemongateau.fr\/wp-content\/uploads\/2026\/03\/SEB-le-food-truck.jpg\" alt=\"\" class=\"wp-image-913\" style=\"aspect-ratio:0.7470588235294118;object-fit:cover\" srcset=\"https:\/\/croquemongateau.fr\/wp-content\/uploads\/2026\/03\/SEB-le-food-truck.jpg 683w, https:\/\/croquemongateau.fr\/wp-content\/uploads\/2026\/03\/SEB-le-food-truck-225x300.jpg 225w\" sizes=\"(max-width: 683px) 100vw, 683px\" \/><figcaption class=\"wp-element-caption\">Bient\u00f4t chez vous ?<\/figcaption><\/figure>\n\n\n\n<p>Un anniversaire&nbsp;? Un f\u00eate de famille, entre amis&nbsp;ou avec vos voisins ? Et si vous faisiez appel \u00e0 notre food truck \u00e0 domicile. Oui directement \u00e0 la maison, dans votre jardin ! Il y a plein d\u2019avantages.<\/p>\n\n\n\n<h2 class=\"wp-block-heading\">Tout est pr\u00e9vu \u00e0 l\u2019avance&nbsp;!<\/h2>\n\n\n\n<p>En faisant appel \u00e0 SEB le food truck pour votre projet, vous professionnalisez votre r\u00e9ception&nbsp;! Ensemble, nous discutons de vos envies, de vos go\u00fbts en tenant compte de votre budget. Nous nous mettons d\u2019accord sur les horaires et on formalise tout cela sur un devis. <\/p>\n\n\n\n<h2 class=\"wp-block-heading\">Vous profitez de votre soir\u00e9e<\/h2>\n\n\n\n<p>Ce qu\u2019il y a de bien avec un food truck dans votre jardin pour c\u00e9l\u00e9brer avec vos proches, c\u2019est que vous profitez de votre soir\u00e9e&nbsp;! Fini le temps o\u00f9 vous passiez votre soir\u00e9e derri\u00e8re le barbecue \u00e0 vous enfumer en ne voyant personne&nbsp;! Et puis, vous constaterez que privatiser un food truck chez vous n\u2019est pas beaucoup plus cher que tout faire par vos propres moyens mais surtout, <strong>vous profitez de votre soir\u00e9e&nbsp;! <\/strong>Un vrai plus une veille ou un lendemain de mariage&#8230; Pour ne pas rater le 18\u00e8me anniversaire de votre enfant, vos 10 ans de mariage&#8230; <\/p>\n\n\n\n<h2 class=\"wp-block-heading\">Un food truck \u00e0 domicile : Il suffit d\u2019un bout de jardin !<\/h2>\n\n\n\n<p>D\u2019un point de vue logistique, c\u2019est assez simple de faire venir notre food truck chez vous. <strong>Il nous suffit d\u2019un jardin suffisamment \u00e0 niveau <\/strong>(au moins 20 m\u00e8tres carr\u00e9s) <strong>avec un portail assez large pour laisser passer un v\u00e9hicule de 2.20 m\u00e8tres de large<\/strong>. <strong>Il est absolument n\u00e9cessaire de nous faire acc\u00e9der \u00e0 une prise \u00e9lectrique domestique<\/strong> (220 V \u2013 16 A) \u00e0 moins de 40 m\u00e8tres de l\u2019emplacement. Notre installation consomme bien moins de 3 500 watts, nous ne vous ruinerons pas&nbsp;! En outre, cela marche aussi avec une cour d\u2019immeuble (\u00e0 condition d\u2019avoir l\u2019accord du syndic). Attention, <a href=\"https:\/\/www.lefigaro.fr\/jardin\/peut-on-installer-un-food-truck-dans-son-jardin-20230424#:~:text=Le%20propri%C3%A9taire%20d'un%20food,occupation%20temporaire%20du%20domaine%20public.\">un emplacement sur la voie public<\/a> est sujet \u00e0 autorisation de la mairie et il y a g\u00e9n\u00e9ralement un d\u00e9lai de 15 jours.<\/p>\n\n\n\n<h2 class=\"wp-block-heading\">Un food truck dans votre jardin ? Effet wow garanti&nbsp;!<\/h2>\n\n\n\n<p>On ne va pas se mentir, faire venir notre camion food truck dans votre jardin g\u00e9n\u00e8re un effet wow indubitable&nbsp;! Une solution pratique, esth\u00e9tique et originale que nous proposons \u00cele-de-France dans des villes comme Conflans-Sainte-Honorine, Eragny, Herblay ou Poissy mais aussi dans l&rsquo;Oise et le Vexin.<\/p>\n\n\n\n<p>Laissez-vous tenter&nbsp;en nous contactant au 06 65 72 95 48 ou par mail : <a href=\"mailto:contact@croquemongateau.fr\">contact@croquemongateau.fr<\/a><\/p>\n\n\n<p><!-- Google Tag Manager (noscript) --><br \/>\n<noscript><iframe src=\"https:\/\/www.googletagmanager.com\/ns.html?id=GTM-TH5NB5DC\"\nheight=\"0\" width=\"0\" style=\"display:none;visibility:hidden\"><\/iframe><\/noscript><br \/>\n<!-- End Google Tag Manager (noscript) --><\/p>","protected":false},"excerpt":{"rendered":"<p>Un anniversaire&nbsp;? Un f\u00eate de famille, entre amis&nbsp;ou avec vos voisins ? Et si vous faisiez appel \u00e0 notre food truck \u00e0 domicile. Oui directement \u00e0 la maison, dans votre jardin ! Il y a plein d\u2019avantages. Tout est pr\u00e9vu \u00e0 l\u2019avance&nbsp;! En faisant appel \u00e0 SEB le food truck pour votre projet, vous professionnalisez&#8230;<\/p>\n","protected":false},"author":1,"featured_media":0,"parent":0,"menu_order":0,"comment_status":"closed","ping_status":"closed","template":"","meta":{"footnotes":""},"class_list":["post-329","page","type-page","status-publish","hentry"],"yoast_head":"<!-- This site is optimized with the Yoast SEO plugin v21.9.1 - https:\/\/yoast.com\/wordpress\/plugins\/seo\/ -->\n<title>Un food truck \u00e0 domicile\u00a0? - Croque mon g\u00e2teau<\/title>\n<meta name=\"description\" content=\"Et si vous faisiez appel \u00e0 un food truck \u00e0 domicile pour votre f\u00eate, votre mariage ? Pratique et original, effet wow garanti !\" \/>\n<meta name=\"robots\" content=\"index, follow, max-snippet:-1, max-image-preview:large, max-video-preview:-1\" \/>\n<link rel=\"canonical\" href=\"https:\/\/croquemongateau.fr\/index.php\/soiree-food-truck-a-domicile\/\" \/>\n<meta property=\"og:locale\" content=\"fr_FR\" \/>\n<meta property=\"og:type\" content=\"article\" \/>\n<meta property=\"og:title\" content=\"Un food truck \u00e0 domicile\u00a0? - Croque mon g\u00e2teau\" \/>\n<meta property=\"og:description\" content=\"Et si vous faisiez appel \u00e0 un food truck \u00e0 domicile pour votre f\u00eate, votre mariage ? Pratique et original, effet wow garanti !\" \/>\n<meta property=\"og:url\" content=\"https:\/\/croquemongateau.fr\/index.php\/soiree-food-truck-a-domicile\/\" \/>\n<meta property=\"og:site_name\" content=\"Croque mon g\u00e2teau\" \/>\n<meta property=\"article:modified_time\" content=\"2026-03-11T10:29:37+00:00\" \/>\n<meta property=\"og:image\" content=\"https:\/\/croquemongateau.fr\/wp-content\/uploads\/2026\/03\/SEB-le-food-truck.jpg\" \/>\n<meta name=\"twitter:card\" content=\"summary_large_image\" \/>\n<meta name=\"twitter:label1\" content=\"Dur\u00e9e de lecture estim\u00e9e\" \/>\n\t<meta name=\"twitter:data1\" content=\"3 minutes\" \/>\n<script type=\"application\/ld+json\" class=\"yoast-schema-graph\">{\"@context\":\"https:\/\/schema.org\",\"@graph\":[{\"@type\":\"WebPage\",\"@id\":\"https:\/\/croquemongateau.fr\/index.php\/soiree-food-truck-a-domicile\/\",\"url\":\"https:\/\/croquemongateau.fr\/index.php\/soiree-food-truck-a-domicile\/\",\"name\":\"Un food truck \u00e0 domicile\u00a0? - Croque mon g\u00e2teau\",\"isPartOf\":{\"@id\":\"https:\/\/croquemongateau.fr\/#website\"},\"datePublished\":\"2024-06-20T21:33:29+00:00\",\"dateModified\":\"2026-03-11T10:29:37+00:00\",\"description\":\"Et si vous faisiez appel \u00e0 un food truck \u00e0 domicile pour votre f\u00eate, votre mariage ? Pratique et original, effet wow garanti !\",\"breadcrumb\":{\"@id\":\"https:\/\/croquemongateau.fr\/index.php\/soiree-food-truck-a-domicile\/#breadcrumb\"},\"inLanguage\":\"fr-FR\",\"potentialAction\":[{\"@type\":\"ReadAction\",\"target\":[\"https:\/\/croquemongateau.fr\/index.php\/soiree-food-truck-a-domicile\/\"]}]},{\"@type\":\"BreadcrumbList\",\"@id\":\"https:\/\/croquemongateau.fr\/index.php\/soiree-food-truck-a-domicile\/#breadcrumb\",\"itemListElement\":[{\"@type\":\"ListItem\",\"position\":1,\"name\":\"Home\",\"item\":\"https:\/\/croquemongateau.fr\/\"},{\"@type\":\"ListItem\",\"position\":2,\"name\":\"Un food truck \u00e0 domicile\u00a0?\"}]},{\"@type\":\"WebSite\",\"@id\":\"https:\/\/croquemongateau.fr\/#website\",\"url\":\"https:\/\/croquemongateau.fr\/\",\"name\":\"Croque mon g\u00e2teau\",\"description\":\"\",\"publisher\":{\"@id\":\"https:\/\/croquemongateau.fr\/#organization\"},\"potentialAction\":[{\"@type\":\"SearchAction\",\"target\":{\"@type\":\"EntryPoint\",\"urlTemplate\":\"https:\/\/croquemongateau.fr\/?s={search_term_string}\"},\"query-input\":\"required name=search_term_string\"}],\"inLanguage\":\"fr-FR\"},{\"@type\":\"Organization\",\"@id\":\"https:\/\/croquemongateau.fr\/#organization\",\"name\":\"Croque mon g\u00e2teau\",\"url\":\"https:\/\/croquemongateau.fr\/\",\"logo\":{\"@type\":\"ImageObject\",\"inLanguage\":\"fr-FR\",\"@id\":\"https:\/\/croquemongateau.fr\/#\/schema\/logo\/image\/\",\"url\":\"https:\/\/croquemongateau.fr\/wp-content\/uploads\/2023\/10\/CMG-logo-secondaire-3.png\",\"contentUrl\":\"https:\/\/croquemongateau.fr\/wp-content\/uploads\/2023\/10\/CMG-logo-secondaire-3.png\",\"width\":1200,\"height\":466,\"caption\":\"Croque mon g\u00e2teau\"},\"image\":{\"@id\":\"https:\/\/croquemongateau.fr\/#\/schema\/logo\/image\/\"}}]}<\/script>\n<!-- \/ Yoast SEO plugin. -->","yoast_head_json":{"title":"Un food truck \u00e0 domicile\u00a0? - Croque mon g\u00e2teau","description":"Et si vous faisiez appel \u00e0 un food truck \u00e0 domicile pour votre f\u00eate, votre mariage ? Pratique et original, effet wow garanti !","robots":{"index":"index","follow":"follow","max-snippet":"max-snippet:-1","max-image-preview":"max-image-preview:large","max-video-preview":"max-video-preview:-1"},"canonical":"https:\/\/croquemongateau.fr\/index.php\/soiree-food-truck-a-domicile\/","og_locale":"fr_FR","og_type":"article","og_title":"Un food truck \u00e0 domicile\u00a0? - Croque mon g\u00e2teau","og_description":"Et si vous faisiez appel \u00e0 un food truck \u00e0 domicile pour votre f\u00eate, votre mariage ? Pratique et original, effet wow garanti !","og_url":"https:\/\/croquemongateau.fr\/index.php\/soiree-food-truck-a-domicile\/","og_site_name":"Croque mon g\u00e2teau","article_modified_time":"2026-03-11T10:29:37+00:00","og_image":[{"url":"https:\/\/croquemongateau.fr\/wp-content\/uploads\/2026\/03\/SEB-le-food-truck.jpg"}],"twitter_card":"summary_large_image","twitter_misc":{"Dur\u00e9e de lecture estim\u00e9e":"3 minutes"},"schema":{"@context":"https:\/\/schema.org","@graph":[{"@type":"WebPage","@id":"https:\/\/croquemongateau.fr\/index.php\/soiree-food-truck-a-domicile\/","url":"https:\/\/croquemongateau.fr\/index.php\/soiree-food-truck-a-domicile\/","name":"Un food truck \u00e0 domicile\u00a0? - Croque mon g\u00e2teau","isPartOf":{"@id":"https:\/\/croquemongateau.fr\/#website"},"datePublished":"2024-06-20T21:33:29+00:00","dateModified":"2026-03-11T10:29:37+00:00","description":"Et si vous faisiez appel \u00e0 un food truck \u00e0 domicile pour votre f\u00eate, votre mariage ? Pratique et original, effet wow garanti !","breadcrumb":{"@id":"https:\/\/croquemongateau.fr\/index.php\/soiree-food-truck-a-domicile\/#breadcrumb"},"inLanguage":"fr-FR","potentialAction":[{"@type":"ReadAction","target":["https:\/\/croquemongateau.fr\/index.php\/soiree-food-truck-a-domicile\/"]}]},{"@type":"BreadcrumbList","@id":"https:\/\/croquemongateau.fr\/index.php\/soiree-food-truck-a-domicile\/#breadcrumb","itemListElement":[{"@type":"ListItem","position":1,"name":"Home","item":"https:\/\/croquemongateau.fr\/"},{"@type":"ListItem","position":2,"name":"Un food truck \u00e0 domicile\u00a0?"}]},{"@type":"WebSite","@id":"https:\/\/croquemongateau.fr\/#website","url":"https:\/\/croquemongateau.fr\/","name":"Croque mon g\u00e2teau","description":"","publisher":{"@id":"https:\/\/croquemongateau.fr\/#organization"},"potentialAction":[{"@type":"SearchAction","target":{"@type":"EntryPoint","urlTemplate":"https:\/\/croquemongateau.fr\/?s={search_term_string}"},"query-input":"required name=search_term_string"}],"inLanguage":"fr-FR"},{"@type":"Organization","@id":"https:\/\/croquemongateau.fr\/#organization","name":"Croque mon g\u00e2teau","url":"https:\/\/croquemongateau.fr\/","logo":{"@type":"ImageObject","inLanguage":"fr-FR","@id":"https:\/\/croquemongateau.fr\/#\/schema\/logo\/image\/","url":"https:\/\/croquemongateau.fr\/wp-content\/uploads\/2023\/10\/CMG-logo-secondaire-3.png","contentUrl":"https:\/\/croquemongateau.fr\/wp-content\/uploads\/2023\/10\/CMG-logo-secondaire-3.png","width":1200,"height":466,"caption":"Croque mon g\u00e2teau"},"image":{"@id":"https:\/\/croquemongateau.fr\/#\/schema\/logo\/image\/"}}]}},"_links":{"self":[{"href":"https:\/\/croquemongateau.fr\/index.php\/wp-json\/wp\/v2\/pages\/329","targetHints":{"allow":["GET"]}}],"collection":[{"href":"https:\/\/croquemongateau.fr\/index.php\/wp-json\/wp\/v2\/pages"}],"about":[{"href":"https:\/\/croquemongateau.fr\/index.php\/wp-json\/wp\/v2\/types\/page"}],"author":[{"embeddable":true,"href":"https:\/\/croquemongateau.fr\/index.php\/wp-json\/wp\/v2\/users\/1"}],"replies":[{"embeddable":true,"href":"https:\/\/croquemongateau.fr\/index.php\/wp-json\/wp\/v2\/comments?post=329"}],"version-history":[{"count":8,"href":"https:\/\/croquemongateau.fr\/index.php\/wp-json\/wp\/v2\/pages\/329\/revisions"}],"predecessor-version":[{"id":914,"href":"https:\/\/croquemongateau.fr\/index.php\/wp-json\/wp\/v2\/pages\/329\/revisions\/914"}],"wp:attachment":[{"href":"https:\/\/croquemongateau.fr\/index.php\/wp-json\/wp\/v2\/media?parent=329"}],"curies":[{"name":"wp","href":"https:\/\/api.w.org\/{rel}","templated":true}]}}