{"id":34,"date":"2023-11-22T09:22:42","date_gmt":"2023-11-22T08:22:42","guid":{"rendered":"https:\/\/croquemongateau.fr\/?page_id=34"},"modified":"2025-05-06T08:26:11","modified_gmt":"2025-05-06T06:26:11","slug":"qui-est-croque-mon-gateau","status":"publish","type":"page","link":"https:\/\/croquemongateau.fr\/index.php\/qui-est-croque-mon-gateau\/","title":{"rendered":"Qui-sommes-nous ?"},"content":{"rendered":"\n<p>Pour ainsi dire, Croque Mon G\u00e2teau et SEB le food truck sont n\u00e9s de l\u2019enfermement que nous avons connu en 2020. Avec tout ce temps libre, nous avons eu de quoi imaginer un projet reposant sur une remorque food truck, associant street food et p\u00e2tisseries. Des croque-monsieur et des g\u00e2teaux\u00a0: Croque Mon G\u00e2teau.<\/p>\n\n\n\n<p>Il a fallu pour cela se reconvertir, se former et apprendre \u00e0 devenir p\u00e2tissiers, cuisiniers, logisticiens, bricoleurs, d\u00e9corateurs, commerciaux\u2026 entrepreneurs, tout en mettant au point des recettes savoureuses aussi sal\u00e9es que sucr\u00e9es.<\/p>\n\n\n\n<p>Notre projet se fait \u00e0 deux, parce que nous avons toujours fait ainsi\u00a0! St\u00e9phanie est au four et Benjamin au moulin. Nous proposons ainsi des croque-monsieur bons et beaux et des p\u00e2tisseries r\u00e9alis\u00e9es avec amour et technicit\u00e9\u00a0! Notre projet a \u00e9volu\u00e9 et en mai 2025, nous avons renomm\u00e9 Croque Mon G\u00e2teau en SEB le food truck. SEB pour St\u00e9phanie Et Benjamin. Parce que SEB c&rsquo;est bon, parce que SEB c&rsquo;est mieux, nous avons troqu\u00e9 la remorque pour un camion. Les croque-monsieur pour des sandwichs focaccia maison avec des frites et toujours des g\u00e2teaux. <\/p>\n\n\n\n<p><strong>Croque-monsieur<\/strong><\/p>\n\n\n\n<p>Fini le temps o\u00f9 l\u2019on ne faisait qu\u2019un seul m\u00e9tier d\u2019un bout \u00e0 l\u2019autre de sa carri\u00e8re&nbsp;! Benjamin a fait dans le vote \u00e9lectronique et le journalisme. Il a \u00e9t\u00e9 community manager, chasseur de papillons et dresseur d\u2019escargots. \u00c0 40 ans, il a enfin un job s\u00e9rieux. Celui de g\u00e9rer les emplacements et la logistique de Croque Mon G\u00e2teau (un peu la compta aussi) mais surtout de vous servir des croq\u2019 d\u2019enfer et des p\u00e2tisseries divines. &nbsp;<\/p>\n\n\n\n<p><strong>G\u00e2teau madame<\/strong><\/p>\n\n\n\n<p>Apr\u00e8s avoir fait voyager ses clients et fait elle-m\u00eame le tour du monde, St\u00e9phanie navigue d\u00e9sormais par les saveurs. Une reconversion rondement men\u00e9e a fait d\u2019elle une technicienne assur\u00e9e, une r\u00e9f\u00e9rence du layer cake et une experte de la p\u00e2te \u00e0 choux\u2026 C\u2019est normal, elle a appris chez et <a href=\"https:\/\/www.ducasse-paris.com\/fr\/les-adresses\/chocolat-commerce\">Ducasse<\/a>. &nbsp;&nbsp;<\/p>\n","protected":false},"excerpt":{"rendered":"<p>Pour ainsi dire, Croque Mon G\u00e2teau et SEB le food truck sont n\u00e9s de l\u2019enfermement que nous avons connu en 2020. Avec tout ce temps libre, nous avons eu de quoi imaginer un projet reposant sur une remorque food truck, associant street food et p\u00e2tisseries. Des croque-monsieur et des g\u00e2teaux\u00a0: Croque Mon G\u00e2teau. Il a&#8230;<\/p>\n","protected":false},"author":1,"featured_media":43,"parent":0,"menu_order":0,"comment_status":"closed","ping_status":"closed","template":"","meta":{"footnotes":""},"class_list":["post-34","page","type-page","status-publish","has-post-thumbnail","hentry"],"yoast_head":"<!-- This site is optimized with the Yoast SEO plugin v21.9.1 - https:\/\/yoast.com\/wordpress\/plugins\/seo\/ -->\n<title>Qui-sommes-nous ? - Croque mon g\u00e2teau<\/title>\n<meta name=\"description\" content=\"Qui se trouve derri\u00e8re Croque Mon G\u00e2teau ? St\u00e9phanie et Benjamin. G\u00e2teau madame et Croque monsieur. D\u00e9couvrez leur parcours.\" \/>\n<meta name=\"robots\" content=\"index, follow, max-snippet:-1, max-image-preview:large, max-video-preview:-1\" \/>\n<link rel=\"canonical\" href=\"https:\/\/croquemongateau.fr\/index.php\/qui-est-croque-mon-gateau\/\" \/>\n<meta property=\"og:locale\" content=\"fr_FR\" \/>\n<meta property=\"og:type\" content=\"article\" \/>\n<meta property=\"og:title\" content=\"Qui-sommes-nous ? - Croque mon g\u00e2teau\" \/>\n<meta property=\"og:description\" content=\"Qui se trouve derri\u00e8re Croque Mon G\u00e2teau ? St\u00e9phanie et Benjamin. G\u00e2teau madame et Croque monsieur. D\u00e9couvrez leur parcours.\" \/>\n<meta property=\"og:url\" content=\"https:\/\/croquemongateau.fr\/index.php\/qui-est-croque-mon-gateau\/\" \/>\n<meta property=\"og:site_name\" content=\"Croque mon g\u00e2teau\" \/>\n<meta property=\"article:modified_time\" content=\"2025-05-06T06:26:11+00:00\" \/>\n<meta property=\"og:image\" content=\"https:\/\/croquemongateau.fr\/wp-content\/uploads\/2023\/10\/intereieur-remorque.jpg\" \/>\n\t<meta property=\"og:image:width\" content=\"2016\" \/>\n\t<meta property=\"og:image:height\" content=\"1512\" \/>\n\t<meta property=\"og:image:type\" content=\"image\/jpeg\" \/>\n<meta name=\"twitter:card\" content=\"summary_large_image\" \/>\n<meta name=\"twitter:label1\" content=\"Dur\u00e9e de lecture estim\u00e9e\" \/>\n\t<meta name=\"twitter:data1\" content=\"2 minutes\" \/>\n<script type=\"application\/ld+json\" class=\"yoast-schema-graph\">{\"@context\":\"https:\/\/schema.org\",\"@graph\":[{\"@type\":\"WebPage\",\"@id\":\"https:\/\/croquemongateau.fr\/index.php\/qui-est-croque-mon-gateau\/\",\"url\":\"https:\/\/croquemongateau.fr\/index.php\/qui-est-croque-mon-gateau\/\",\"name\":\"Qui-sommes-nous ? - Croque mon g\u00e2teau\",\"isPartOf\":{\"@id\":\"http:\/\/croquemongateau.fr\/#website\"},\"datePublished\":\"2023-11-22T08:22:42+00:00\",\"dateModified\":\"2025-05-06T06:26:11+00:00\",\"description\":\"Qui se trouve derri\u00e8re Croque Mon G\u00e2teau ? St\u00e9phanie et Benjamin. G\u00e2teau madame et Croque monsieur. D\u00e9couvrez leur parcours.\",\"breadcrumb\":{\"@id\":\"https:\/\/croquemongateau.fr\/index.php\/qui-est-croque-mon-gateau\/#breadcrumb\"},\"inLanguage\":\"fr-FR\",\"potentialAction\":[{\"@type\":\"ReadAction\",\"target\":[\"https:\/\/croquemongateau.fr\/index.php\/qui-est-croque-mon-gateau\/\"]}]},{\"@type\":\"BreadcrumbList\",\"@id\":\"https:\/\/croquemongateau.fr\/index.php\/qui-est-croque-mon-gateau\/#breadcrumb\",\"itemListElement\":[{\"@type\":\"ListItem\",\"position\":1,\"name\":\"Home\",\"item\":\"http:\/\/croquemongateau.fr\/\"},{\"@type\":\"ListItem\",\"position\":2,\"name\":\"Qui-sommes-nous ?\"}]},{\"@type\":\"WebSite\",\"@id\":\"http:\/\/croquemongateau.fr\/#website\",\"url\":\"http:\/\/croquemongateau.fr\/\",\"name\":\"Croque mon g\u00e2teau\",\"description\":\"\",\"publisher\":{\"@id\":\"http:\/\/croquemongateau.fr\/#organization\"},\"potentialAction\":[{\"@type\":\"SearchAction\",\"target\":{\"@type\":\"EntryPoint\",\"urlTemplate\":\"http:\/\/croquemongateau.fr\/?s={search_term_string}\"},\"query-input\":\"required name=search_term_string\"}],\"inLanguage\":\"fr-FR\"},{\"@type\":\"Organization\",\"@id\":\"http:\/\/croquemongateau.fr\/#organization\",\"name\":\"Croque mon g\u00e2teau\",\"url\":\"http:\/\/croquemongateau.fr\/\",\"logo\":{\"@type\":\"ImageObject\",\"inLanguage\":\"fr-FR\",\"@id\":\"http:\/\/croquemongateau.fr\/#\/schema\/logo\/image\/\",\"url\":\"https:\/\/croquemongateau.fr\/wp-content\/uploads\/2023\/10\/CMG-logo-secondaire-3.png\",\"contentUrl\":\"https:\/\/croquemongateau.fr\/wp-content\/uploads\/2023\/10\/CMG-logo-secondaire-3.png\",\"width\":1200,\"height\":466,\"caption\":\"Croque mon g\u00e2teau\"},\"image\":{\"@id\":\"http:\/\/croquemongateau.fr\/#\/schema\/logo\/image\/\"}}]}<\/script>\n<!-- \/ Yoast SEO plugin. -->","yoast_head_json":{"title":"Qui-sommes-nous ? - Croque mon g\u00e2teau","description":"Qui se trouve derri\u00e8re Croque Mon G\u00e2teau ? St\u00e9phanie et Benjamin. G\u00e2teau madame et Croque monsieur. D\u00e9couvrez leur parcours.","robots":{"index":"index","follow":"follow","max-snippet":"max-snippet:-1","max-image-preview":"max-image-preview:large","max-video-preview":"max-video-preview:-1"},"canonical":"https:\/\/croquemongateau.fr\/index.php\/qui-est-croque-mon-gateau\/","og_locale":"fr_FR","og_type":"article","og_title":"Qui-sommes-nous ? - Croque mon g\u00e2teau","og_description":"Qui se trouve derri\u00e8re Croque Mon G\u00e2teau ? St\u00e9phanie et Benjamin. G\u00e2teau madame et Croque monsieur. D\u00e9couvrez leur parcours.","og_url":"https:\/\/croquemongateau.fr\/index.php\/qui-est-croque-mon-gateau\/","og_site_name":"Croque mon g\u00e2teau","article_modified_time":"2025-05-06T06:26:11+00:00","og_image":[{"width":2016,"height":1512,"url":"https:\/\/croquemongateau.fr\/wp-content\/uploads\/2023\/10\/intereieur-remorque.jpg","type":"image\/jpeg"}],"twitter_card":"summary_large_image","twitter_misc":{"Dur\u00e9e de lecture estim\u00e9e":"2 minutes"},"schema":{"@context":"https:\/\/schema.org","@graph":[{"@type":"WebPage","@id":"https:\/\/croquemongateau.fr\/index.php\/qui-est-croque-mon-gateau\/","url":"https:\/\/croquemongateau.fr\/index.php\/qui-est-croque-mon-gateau\/","name":"Qui-sommes-nous ? - Croque mon g\u00e2teau","isPartOf":{"@id":"http:\/\/croquemongateau.fr\/#website"},"datePublished":"2023-11-22T08:22:42+00:00","dateModified":"2025-05-06T06:26:11+00:00","description":"Qui se trouve derri\u00e8re Croque Mon G\u00e2teau ? St\u00e9phanie et Benjamin. G\u00e2teau madame et Croque monsieur. D\u00e9couvrez leur parcours.","breadcrumb":{"@id":"https:\/\/croquemongateau.fr\/index.php\/qui-est-croque-mon-gateau\/#breadcrumb"},"inLanguage":"fr-FR","potentialAction":[{"@type":"ReadAction","target":["https:\/\/croquemongateau.fr\/index.php\/qui-est-croque-mon-gateau\/"]}]},{"@type":"BreadcrumbList","@id":"https:\/\/croquemongateau.fr\/index.php\/qui-est-croque-mon-gateau\/#breadcrumb","itemListElement":[{"@type":"ListItem","position":1,"name":"Home","item":"http:\/\/croquemongateau.fr\/"},{"@type":"ListItem","position":2,"name":"Qui-sommes-nous ?"}]},{"@type":"WebSite","@id":"http:\/\/croquemongateau.fr\/#website","url":"http:\/\/croquemongateau.fr\/","name":"Croque mon g\u00e2teau","description":"","publisher":{"@id":"http:\/\/croquemongateau.fr\/#organization"},"potentialAction":[{"@type":"SearchAction","target":{"@type":"EntryPoint","urlTemplate":"http:\/\/croquemongateau.fr\/?s={search_term_string}"},"query-input":"required name=search_term_string"}],"inLanguage":"fr-FR"},{"@type":"Organization","@id":"http:\/\/croquemongateau.fr\/#organization","name":"Croque mon g\u00e2teau","url":"http:\/\/croquemongateau.fr\/","logo":{"@type":"ImageObject","inLanguage":"fr-FR","@id":"http:\/\/croquemongateau.fr\/#\/schema\/logo\/image\/","url":"https:\/\/croquemongateau.fr\/wp-content\/uploads\/2023\/10\/CMG-logo-secondaire-3.png","contentUrl":"https:\/\/croquemongateau.fr\/wp-content\/uploads\/2023\/10\/CMG-logo-secondaire-3.png","width":1200,"height":466,"caption":"Croque mon g\u00e2teau"},"image":{"@id":"http:\/\/croquemongateau.fr\/#\/schema\/logo\/image\/"}}]}},"_links":{"self":[{"href":"https:\/\/croquemongateau.fr\/index.php\/wp-json\/wp\/v2\/pages\/34","targetHints":{"allow":["GET"]}}],"collection":[{"href":"https:\/\/croquemongateau.fr\/index.php\/wp-json\/wp\/v2\/pages"}],"about":[{"href":"https:\/\/croquemongateau.fr\/index.php\/wp-json\/wp\/v2\/types\/page"}],"author":[{"embeddable":true,"href":"https:\/\/croquemongateau.fr\/index.php\/wp-json\/wp\/v2\/users\/1"}],"replies":[{"embeddable":true,"href":"https:\/\/croquemongateau.fr\/index.php\/wp-json\/wp\/v2\/comments?post=34"}],"version-history":[{"count":5,"href":"https:\/\/croquemongateau.fr\/index.php\/wp-json\/wp\/v2\/pages\/34\/revisions"}],"predecessor-version":[{"id":700,"href":"https:\/\/croquemongateau.fr\/index.php\/wp-json\/wp\/v2\/pages\/34\/revisions\/700"}],"wp:featuredmedia":[{"embeddable":true,"href":"https:\/\/croquemongateau.fr\/index.php\/wp-json\/wp\/v2\/media\/43"}],"wp:attachment":[{"href":"https:\/\/croquemongateau.fr\/index.php\/wp-json\/wp\/v2\/media?parent=34"}],"curies":[{"name":"wp","href":"https:\/\/api.w.org\/{rel}","templated":true}]}}