{"id":555,"date":"2024-12-12T09:38:25","date_gmt":"2024-12-12T08:38:25","guid":{"rendered":"https:\/\/croquemongateau.fr\/?page_id=555"},"modified":"2026-03-04T22:18:11","modified_gmt":"2026-03-04T21:18:11","slug":"le-vietmiam-le-sandwich-a-croquer","status":"publish","type":"page","link":"https:\/\/croquemongateau.fr\/index.php\/le-vietmiam-le-sandwich-a-croquer\/","title":{"rendered":"Le VietMiam, le sandwich chaud \u00e0 croquer\u00a0!"},"content":{"rendered":"\n<p>Le moins que l\u2019on puisse dire, c\u2019est que le VietMiam est une nouveaut\u00e9 qui a rencontr\u00e9 son public&nbsp;! Depuis son lancement, ce sandwich chaud aux tenders de poulet frit et laqu\u00e9 s\u2019impose comme notre meilleure vente lors d\u2019un service food truck sur deux&nbsp;! On vous explique pourquoi ce sandwich chaud fait sensation.<\/p>\n\n\n\n<figure class=\"wp-block-image size-large\"><img fetchpriority=\"high\" decoding=\"async\" width=\"1024\" height=\"683\" src=\"https:\/\/croquemongateau.fr\/wp-content\/uploads\/2026\/03\/Sandwich-2026-Web-1024x683.png\" alt=\"\" class=\"wp-image-881\" srcset=\"https:\/\/croquemongateau.fr\/wp-content\/uploads\/2026\/03\/Sandwich-2026-Web-1024x683.png 1024w, https:\/\/croquemongateau.fr\/wp-content\/uploads\/2026\/03\/Sandwich-2026-Web-300x200.png 300w, https:\/\/croquemongateau.fr\/wp-content\/uploads\/2026\/03\/Sandwich-2026-Web-768x512.png 768w, https:\/\/croquemongateau.fr\/wp-content\/uploads\/2026\/03\/Sandwich-2026-Web-1536x1024.png 1536w, https:\/\/croquemongateau.fr\/wp-content\/uploads\/2026\/03\/Sandwich-2026-Web.png 2048w\" sizes=\"(max-width: 1024px) 100vw, 1024px\" \/><figcaption class=\"wp-element-caption\">SEB Le Food Truck &#8211; Sandwich Le VietMiam<\/figcaption><\/figure>\n\n\n\n<p>Oui les filets de poulet frits sont \u00e0 la mode, c\u2019est peu dire\u00a0! Le poulet est une viande qui plait \u00e0 tous, d\u2019autant plus lorsque les filets sont pan\u00e9s, frits et laqu\u00e9s. Ce qui fait la diff\u00e9rence chez <strong>Croque Mon G\u00e2teau<\/strong> ? Nos tenders ne sont pas simplement frits. Tout juste sorti de la friteuse, nous les badigeonnons d&rsquo;un laquage maison au gochujang afin de lui donner un kick \u00e9pic\u00e9 !<\/p>\n\n\n\n<h2 class=\"wp-block-heading\">Les tenders de poulet : L&rsquo;ingr\u00e9dient star du VietMiam.<\/h2>\n\n\n\n<p>Les tenders de poulet sont encore meilleurs lorsqu\u2019ils sont bien accompagn\u00e9s. Notre VietMiam est un sandwich chaud avec un bon <strong>pain Focaccia<\/strong>. Dedans, nous mettons une <strong>mayonnaise au Sriracha<\/strong>, des l\u00e9gumes marin\u00e9s (usuellement des carottes et du concombre) ainsi qu\u2019une sauce Hoisin (\u00e0 base de s\u00e9same). Afin de vous faire voyager encore davantage, nous pouvons y ajouter des graines germ\u00e9es. Effet WoW garanti !<\/p>\n\n\n\n<h3 class=\"wp-block-heading\">Le VietMiam,un sandwich chaud en solo ou en formule gourmande ?<\/h3>\n\n\n\n<p>Le <strong>VietMiam<\/strong> est d\u00e9j\u00e0 un plat g\u00e9n\u00e9reux en soi. Il peut constituer un d\u00e9jeuner complet et savoureux puisqu&rsquo;il p\u00e8se autour de 450 grammes.  Dans notre <a href=\"https:\/\/croquemongateau.fr\/index.php\/2024\/10\/16\/quelle-prestation-avec-croque-mon-gateau\/\">food truck<\/a>, nous vous le proposerons en solo ou bien accompagn\u00e9 d&rsquo;une belle portion de frites, d&rsquo;un cookie ou dessert p\u00e2tiss\u00e9 ainsi qu&rsquo;une boisson sans alcool. <\/p>\n\n\n\n<blockquote class=\"instagram-media\" data-instgrm-permalink=\"https:\/\/www.instagram.com\/reel\/DGbP1zDyvqJ\/?utm_source=ig_embed&amp;utm_campaign=loading\" data-instgrm-version=\"14\" style=\" background:#FFF; border:0; border-radius:3px; box-shadow:0 0 1px 0 rgba(0,0,0,0.5),0 1px 10px 0 rgba(0,0,0,0.15); margin: 1px; max-width:540px; min-width:326px; padding:0; width:99.375%; width:-webkit-calc(100% - 2px); width:calc(100% - 2px);\"><div style=\"padding:16px;\"> <a href=\"https:\/\/www.instagram.com\/reel\/DGbP1zDyvqJ\/?utm_source=ig_embed&amp;utm_campaign=loading\" style=\" background:#FFFFFF; line-height:0; padding:0 0; text-align:center; text-decoration:none; width:100%;\" target=\"_blank\"> <div style=\" display: flex; flex-direction: row; align-items: center;\"> <div style=\"background-color: #F4F4F4; border-radius: 50%; flex-grow: 0; height: 40px; margin-right: 14px; width: 40px;\"><\/div> <div style=\"display: flex; flex-direction: column; flex-grow: 1; justify-content: center;\"> <div style=\" background-color: #F4F4F4; border-radius: 4px; flex-grow: 0; height: 14px; margin-bottom: 6px; width: 100px;\"><\/div> <div style=\" background-color: #F4F4F4; border-radius: 4px; flex-grow: 0; height: 14px; width: 60px;\"><\/div><\/div><\/div><div style=\"padding: 19% 0;\"><\/div> <div style=\"display:block; height:50px; margin:0 auto 12px; width:50px;\"><svg width=\"50px\" height=\"50px\" viewBox=\"0 0 60 60\" version=\"1.1\" xmlns=\"https:\/\/www.w3.org\/2000\/svg\" xmlns:xlink=\"https:\/\/www.w3.org\/1999\/xlink\"><g stroke=\"none\" stroke-width=\"1\" fill=\"none\" fill-rule=\"evenodd\"><g transform=\"translate(-511.000000, -20.000000)\" fill=\"#000000\"><g><path d=\"M556.869,30.41 C554.814,30.41 553.148,32.076 553.148,34.131 C553.148,36.186 554.814,37.852 556.869,37.852 C558.924,37.852 560.59,36.186 560.59,34.131 C560.59,32.076 558.924,30.41 556.869,30.41 M541,60.657 C535.114,60.657 530.342,55.887 530.342,50 C530.342,44.114 535.114,39.342 541,39.342 C546.887,39.342 551.658,44.114 551.658,50 C551.658,55.887 546.887,60.657 541,60.657 M541,33.886 C532.1,33.886 524.886,41.1 524.886,50 C524.886,58.899 532.1,66.113 541,66.113 C549.9,66.113 557.115,58.899 557.115,50 C557.115,41.1 549.9,33.886 541,33.886 M565.378,62.101 C565.244,65.022 564.756,66.606 564.346,67.663 C563.803,69.06 563.154,70.057 562.106,71.106 C561.058,72.155 560.06,72.803 558.662,73.347 C557.607,73.757 556.021,74.244 553.102,74.378 C549.944,74.521 548.997,74.552 541,74.552 C533.003,74.552 532.056,74.521 528.898,74.378 C525.979,74.244 524.393,73.757 523.338,73.347 C521.94,72.803 520.942,72.155 519.894,71.106 C518.846,70.057 518.197,69.06 517.654,67.663 C517.244,66.606 516.755,65.022 516.623,62.101 C516.479,58.943 516.448,57.996 516.448,50 C516.448,42.003 516.479,41.056 516.623,37.899 C516.755,34.978 517.244,33.391 517.654,32.338 C518.197,30.938 518.846,29.942 519.894,28.894 C520.942,27.846 521.94,27.196 523.338,26.654 C524.393,26.244 525.979,25.756 528.898,25.623 C532.057,25.479 533.004,25.448 541,25.448 C548.997,25.448 549.943,25.479 553.102,25.623 C556.021,25.756 557.607,26.244 558.662,26.654 C560.06,27.196 561.058,27.846 562.106,28.894 C563.154,29.942 563.803,30.938 564.346,32.338 C564.756,33.391 565.244,34.978 565.378,37.899 C565.522,41.056 565.552,42.003 565.552,50 C565.552,57.996 565.522,58.943 565.378,62.101 M570.82,37.631 C570.674,34.438 570.167,32.258 569.425,30.349 C568.659,28.377 567.633,26.702 565.965,25.035 C564.297,23.368 562.623,22.342 560.652,21.575 C558.743,20.834 556.562,20.326 553.369,20.18 C550.169,20.033 549.148,20 541,20 C532.853,20 531.831,20.033 528.631,20.18 C525.438,20.326 523.257,20.834 521.349,21.575 C519.376,22.342 517.703,23.368 516.035,25.035 C514.368,26.702 513.342,28.377 512.574,30.349 C511.834,32.258 511.326,34.438 511.181,37.631 C511.035,40.831 511,41.851 511,50 C511,58.147 511.035,59.17 511.181,62.369 C511.326,65.562 511.834,67.743 512.574,69.651 C513.342,71.625 514.368,73.296 516.035,74.965 C517.703,76.634 519.376,77.658 521.349,78.425 C523.257,79.167 525.438,79.673 528.631,79.82 C531.831,79.965 532.853,80.001 541,80.001 C549.148,80.001 550.169,79.965 553.369,79.82 C556.562,79.673 558.743,79.167 560.652,78.425 C562.623,77.658 564.297,76.634 565.965,74.965 C567.633,73.296 568.659,71.625 569.425,69.651 C570.167,67.743 570.674,65.562 570.82,62.369 C570.966,59.17 571,58.147 571,50 C571,41.851 570.966,40.831 570.82,37.631\"><\/path><\/g><\/g><\/g><\/svg><\/div><div style=\"padding-top: 8px;\"> <div style=\" color:#3897f0; font-family:Arial,sans-serif; font-size:14px; font-style:normal; font-weight:550; line-height:18px;\">Voir cette publication sur Instagram<\/div><\/div><div style=\"padding: 12.5% 0;\"><\/div> <div style=\"display: flex; flex-direction: row; margin-bottom: 14px; align-items: center;\"><div> <div style=\"background-color: #F4F4F4; border-radius: 50%; height: 12.5px; width: 12.5px; transform: translateX(0px) translateY(7px);\"><\/div> <div style=\"background-color: #F4F4F4; height: 12.5px; transform: rotate(-45deg) translateX(3px) translateY(1px); width: 12.5px; flex-grow: 0; margin-right: 14px; margin-left: 2px;\"><\/div> <div style=\"background-color: #F4F4F4; border-radius: 50%; height: 12.5px; width: 12.5px; transform: translateX(9px) translateY(-18px);\"><\/div><\/div><div style=\"margin-left: 8px;\"> <div style=\" background-color: #F4F4F4; border-radius: 50%; flex-grow: 0; height: 20px; width: 20px;\"><\/div> <div style=\" width: 0; height: 0; border-top: 2px solid transparent; border-left: 6px solid #f4f4f4; border-bottom: 2px solid transparent; transform: translateX(16px) translateY(-4px) rotate(30deg)\"><\/div><\/div><div style=\"margin-left: auto;\"> <div style=\" width: 0px; border-top: 8px solid #F4F4F4; border-right: 8px solid transparent; transform: translateY(16px);\"><\/div> <div style=\" background-color: #F4F4F4; flex-grow: 0; height: 12px; width: 16px; transform: translateY(-4px);\"><\/div> <div style=\" width: 0; height: 0; border-top: 8px solid #F4F4F4; border-left: 8px solid transparent; transform: translateY(-4px) translateX(8px);\"><\/div><\/div><\/div> <div style=\"display: flex; flex-direction: column; flex-grow: 1; justify-content: center; margin-bottom: 24px;\"> <div style=\" background-color: #F4F4F4; border-radius: 4px; flex-grow: 0; height: 14px; margin-bottom: 6px; width: 224px;\"><\/div> <div style=\" background-color: #F4F4F4; border-radius: 4px; flex-grow: 0; height: 14px; width: 144px;\"><\/div><\/div><\/a><p style=\" color:#c9c8cd; font-family:Arial,sans-serif; font-size:14px; line-height:17px; margin-bottom:0; margin-top:8px; overflow:hidden; padding:8px 0 7px; text-align:center; text-overflow:ellipsis; white-space:nowrap;\"><a href=\"https:\/\/www.instagram.com\/reel\/DGbP1zDyvqJ\/?utm_source=ig_embed&amp;utm_campaign=loading\" style=\" color:#c9c8cd; font-family:Arial,sans-serif; font-size:14px; font-style:normal; font-weight:normal; line-height:17px; text-decoration:none;\" target=\"_blank\">Une publication partag\u00e9e par Croque Mon G\u00e2teau (@croquemongateau)<\/a><\/p><\/div><\/blockquote>\n<script async src=\"\/\/www.instagram.com\/embed.js\"><\/script>\n\n\n\n<p>Que vous soyez press\u00e9 ou en qu\u00eate d&rsquo;un repas copieux, le <strong>VietMiam<\/strong> a tout pour plaire !<br><br>Autre proposition : <a href=\"https:\/\/croquemongateau.fr\/index.php\/2024\/12\/12\/le-ricain-sandwich-pulled-pork\/\">Le Ricain<\/a>, un super sandwich au pulled pork maison !<\/p>\n\n\n\n<p><\/p>\n","protected":false},"excerpt":{"rendered":"<p>Le moins que l\u2019on puisse dire, c\u2019est que le VietMiam est une nouveaut\u00e9 qui a rencontr\u00e9 son public&nbsp;! Depuis son lancement, ce sandwich chaud aux tenders de poulet frit et laqu\u00e9 s\u2019impose comme notre meilleure vente lors d\u2019un service food truck sur deux&nbsp;! On vous explique pourquoi ce sandwich chaud fait sensation. Oui les filets&#8230;<\/p>\n","protected":false},"author":1,"featured_media":0,"parent":0,"menu_order":0,"comment_status":"open","ping_status":"closed","template":"","meta":{"footnotes":""},"class_list":["post-555","page","type-page","status-publish","hentry"],"yoast_head":"<!-- This site is optimized with the Yoast SEO plugin v21.9.1 - https:\/\/yoast.com\/wordpress\/plugins\/seo\/ -->\n<title>Le VietMiam, le sandwich chaud \u00e0 croquer\u00a0! - Croque mon g\u00e2teau<\/title>\n<meta name=\"description\" content=\"D\u00e9couvrez le VietMiam, un sandwich chaud aux tenders de poulet, mayonnaise srirachan l\u00e9gumes marin\u00e9s et pain Ciabatta BIO.\" \/>\n<meta name=\"robots\" content=\"index, follow, max-snippet:-1, max-image-preview:large, max-video-preview:-1\" \/>\n<link rel=\"canonical\" href=\"https:\/\/croquemongateau.fr\/index.php\/le-vietmiam-le-sandwich-a-croquer\/\" \/>\n<meta property=\"og:locale\" content=\"fr_FR\" \/>\n<meta property=\"og:type\" content=\"article\" \/>\n<meta property=\"og:title\" content=\"Le VietMiam, le sandwich chaud \u00e0 croquer\u00a0! - Croque mon g\u00e2teau\" \/>\n<meta property=\"og:description\" content=\"D\u00e9couvrez le VietMiam, un sandwich chaud aux tenders de poulet, mayonnaise srirachan l\u00e9gumes marin\u00e9s et pain Ciabatta BIO.\" \/>\n<meta property=\"og:url\" content=\"https:\/\/croquemongateau.fr\/index.php\/le-vietmiam-le-sandwich-a-croquer\/\" \/>\n<meta property=\"og:site_name\" content=\"Croque mon g\u00e2teau\" \/>\n<meta property=\"article:modified_time\" content=\"2026-03-04T21:18:11+00:00\" \/>\n<meta property=\"og:image\" content=\"https:\/\/croquemongateau.fr\/wp-content\/uploads\/2026\/03\/Sandwich-2026-Web-1024x683.png\" \/>\n<meta name=\"twitter:card\" content=\"summary_large_image\" \/>\n<meta name=\"twitter:label1\" content=\"Dur\u00e9e de lecture estim\u00e9e\" \/>\n\t<meta name=\"twitter:data1\" content=\"2 minutes\" \/>\n<script type=\"application\/ld+json\" class=\"yoast-schema-graph\">{\"@context\":\"https:\/\/schema.org\",\"@graph\":[{\"@type\":\"WebPage\",\"@id\":\"https:\/\/croquemongateau.fr\/index.php\/le-vietmiam-le-sandwich-a-croquer\/\",\"url\":\"https:\/\/croquemongateau.fr\/index.php\/le-vietmiam-le-sandwich-a-croquer\/\",\"name\":\"Le VietMiam, le sandwich chaud \u00e0 croquer\u00a0! - Croque mon g\u00e2teau\",\"isPartOf\":{\"@id\":\"https:\/\/croquemongateau.fr\/#website\"},\"datePublished\":\"2024-12-12T08:38:25+00:00\",\"dateModified\":\"2026-03-04T21:18:11+00:00\",\"description\":\"D\u00e9couvrez le VietMiam, un sandwich chaud aux tenders de poulet, mayonnaise srirachan l\u00e9gumes marin\u00e9s et pain Ciabatta BIO.\",\"breadcrumb\":{\"@id\":\"https:\/\/croquemongateau.fr\/index.php\/le-vietmiam-le-sandwich-a-croquer\/#breadcrumb\"},\"inLanguage\":\"fr-FR\",\"potentialAction\":[{\"@type\":\"ReadAction\",\"target\":[\"https:\/\/croquemongateau.fr\/index.php\/le-vietmiam-le-sandwich-a-croquer\/\"]}]},{\"@type\":\"BreadcrumbList\",\"@id\":\"https:\/\/croquemongateau.fr\/index.php\/le-vietmiam-le-sandwich-a-croquer\/#breadcrumb\",\"itemListElement\":[{\"@type\":\"ListItem\",\"position\":1,\"name\":\"Home\",\"item\":\"https:\/\/croquemongateau.fr\/\"},{\"@type\":\"ListItem\",\"position\":2,\"name\":\"Le VietMiam, le sandwich chaud \u00e0 croquer\u00a0!\"}]},{\"@type\":\"WebSite\",\"@id\":\"https:\/\/croquemongateau.fr\/#website\",\"url\":\"https:\/\/croquemongateau.fr\/\",\"name\":\"Croque mon g\u00e2teau\",\"description\":\"\",\"publisher\":{\"@id\":\"https:\/\/croquemongateau.fr\/#organization\"},\"potentialAction\":[{\"@type\":\"SearchAction\",\"target\":{\"@type\":\"EntryPoint\",\"urlTemplate\":\"https:\/\/croquemongateau.fr\/?s={search_term_string}\"},\"query-input\":\"required name=search_term_string\"}],\"inLanguage\":\"fr-FR\"},{\"@type\":\"Organization\",\"@id\":\"https:\/\/croquemongateau.fr\/#organization\",\"name\":\"Croque mon g\u00e2teau\",\"url\":\"https:\/\/croquemongateau.fr\/\",\"logo\":{\"@type\":\"ImageObject\",\"inLanguage\":\"fr-FR\",\"@id\":\"https:\/\/croquemongateau.fr\/#\/schema\/logo\/image\/\",\"url\":\"https:\/\/croquemongateau.fr\/wp-content\/uploads\/2023\/10\/CMG-logo-secondaire-3.png\",\"contentUrl\":\"https:\/\/croquemongateau.fr\/wp-content\/uploads\/2023\/10\/CMG-logo-secondaire-3.png\",\"width\":1200,\"height\":466,\"caption\":\"Croque mon g\u00e2teau\"},\"image\":{\"@id\":\"https:\/\/croquemongateau.fr\/#\/schema\/logo\/image\/\"}}]}<\/script>\n<!-- \/ Yoast SEO plugin. -->","yoast_head_json":{"title":"Le VietMiam, le sandwich chaud \u00e0 croquer\u00a0! - Croque mon g\u00e2teau","description":"D\u00e9couvrez le VietMiam, un sandwich chaud aux tenders de poulet, mayonnaise srirachan l\u00e9gumes marin\u00e9s et pain Ciabatta BIO.","robots":{"index":"index","follow":"follow","max-snippet":"max-snippet:-1","max-image-preview":"max-image-preview:large","max-video-preview":"max-video-preview:-1"},"canonical":"https:\/\/croquemongateau.fr\/index.php\/le-vietmiam-le-sandwich-a-croquer\/","og_locale":"fr_FR","og_type":"article","og_title":"Le VietMiam, le sandwich chaud \u00e0 croquer\u00a0! - Croque mon g\u00e2teau","og_description":"D\u00e9couvrez le VietMiam, un sandwich chaud aux tenders de poulet, mayonnaise srirachan l\u00e9gumes marin\u00e9s et pain Ciabatta BIO.","og_url":"https:\/\/croquemongateau.fr\/index.php\/le-vietmiam-le-sandwich-a-croquer\/","og_site_name":"Croque mon g\u00e2teau","article_modified_time":"2026-03-04T21:18:11+00:00","og_image":[{"url":"https:\/\/croquemongateau.fr\/wp-content\/uploads\/2026\/03\/Sandwich-2026-Web-1024x683.png"}],"twitter_card":"summary_large_image","twitter_misc":{"Dur\u00e9e de lecture estim\u00e9e":"2 minutes"},"schema":{"@context":"https:\/\/schema.org","@graph":[{"@type":"WebPage","@id":"https:\/\/croquemongateau.fr\/index.php\/le-vietmiam-le-sandwich-a-croquer\/","url":"https:\/\/croquemongateau.fr\/index.php\/le-vietmiam-le-sandwich-a-croquer\/","name":"Le VietMiam, le sandwich chaud \u00e0 croquer\u00a0! - Croque mon g\u00e2teau","isPartOf":{"@id":"https:\/\/croquemongateau.fr\/#website"},"datePublished":"2024-12-12T08:38:25+00:00","dateModified":"2026-03-04T21:18:11+00:00","description":"D\u00e9couvrez le VietMiam, un sandwich chaud aux tenders de poulet, mayonnaise srirachan l\u00e9gumes marin\u00e9s et pain Ciabatta BIO.","breadcrumb":{"@id":"https:\/\/croquemongateau.fr\/index.php\/le-vietmiam-le-sandwich-a-croquer\/#breadcrumb"},"inLanguage":"fr-FR","potentialAction":[{"@type":"ReadAction","target":["https:\/\/croquemongateau.fr\/index.php\/le-vietmiam-le-sandwich-a-croquer\/"]}]},{"@type":"BreadcrumbList","@id":"https:\/\/croquemongateau.fr\/index.php\/le-vietmiam-le-sandwich-a-croquer\/#breadcrumb","itemListElement":[{"@type":"ListItem","position":1,"name":"Home","item":"https:\/\/croquemongateau.fr\/"},{"@type":"ListItem","position":2,"name":"Le VietMiam, le sandwich chaud \u00e0 croquer\u00a0!"}]},{"@type":"WebSite","@id":"https:\/\/croquemongateau.fr\/#website","url":"https:\/\/croquemongateau.fr\/","name":"Croque mon g\u00e2teau","description":"","publisher":{"@id":"https:\/\/croquemongateau.fr\/#organization"},"potentialAction":[{"@type":"SearchAction","target":{"@type":"EntryPoint","urlTemplate":"https:\/\/croquemongateau.fr\/?s={search_term_string}"},"query-input":"required name=search_term_string"}],"inLanguage":"fr-FR"},{"@type":"Organization","@id":"https:\/\/croquemongateau.fr\/#organization","name":"Croque mon g\u00e2teau","url":"https:\/\/croquemongateau.fr\/","logo":{"@type":"ImageObject","inLanguage":"fr-FR","@id":"https:\/\/croquemongateau.fr\/#\/schema\/logo\/image\/","url":"https:\/\/croquemongateau.fr\/wp-content\/uploads\/2023\/10\/CMG-logo-secondaire-3.png","contentUrl":"https:\/\/croquemongateau.fr\/wp-content\/uploads\/2023\/10\/CMG-logo-secondaire-3.png","width":1200,"height":466,"caption":"Croque mon g\u00e2teau"},"image":{"@id":"https:\/\/croquemongateau.fr\/#\/schema\/logo\/image\/"}}]}},"_links":{"self":[{"href":"https:\/\/croquemongateau.fr\/index.php\/wp-json\/wp\/v2\/pages\/555","targetHints":{"allow":["GET"]}}],"collection":[{"href":"https:\/\/croquemongateau.fr\/index.php\/wp-json\/wp\/v2\/pages"}],"about":[{"href":"https:\/\/croquemongateau.fr\/index.php\/wp-json\/wp\/v2\/types\/page"}],"author":[{"embeddable":true,"href":"https:\/\/croquemongateau.fr\/index.php\/wp-json\/wp\/v2\/users\/1"}],"replies":[{"embeddable":true,"href":"https:\/\/croquemongateau.fr\/index.php\/wp-json\/wp\/v2\/comments?post=555"}],"version-history":[{"count":11,"href":"https:\/\/croquemongateau.fr\/index.php\/wp-json\/wp\/v2\/pages\/555\/revisions"}],"predecessor-version":[{"id":884,"href":"https:\/\/croquemongateau.fr\/index.php\/wp-json\/wp\/v2\/pages\/555\/revisions\/884"}],"wp:attachment":[{"href":"https:\/\/croquemongateau.fr\/index.php\/wp-json\/wp\/v2\/media?parent=555"}],"curies":[{"name":"wp","href":"https:\/\/api.w.org\/{rel}","templated":true}]}}